{"id":15,"date":"2025-09-12T18:28:43","date_gmt":"2025-09-12T16:28:43","guid":{"rendered":"http:\/\/marco.lu\/?page_id=15"},"modified":"2025-09-12T18:29:51","modified_gmt":"2025-09-12T16:29:51","slug":"page-en-construction-mais-on-y-met-tout-notre-coeur-%f0%9f%92%9b","status":"publish","type":"page","link":"https:\/\/marco.lu\/","title":{"rendered":"Page en construction&#8230; mais on y met tout notre c\u0153ur \ud83d\udc9b"},"content":{"rendered":"\n<h2 class=\"wp-block-heading has-text-align-center\">\ud83d\udea7 Patience, on bricole encore ! \ud83d\udee0\ufe0f<\/h2>\n\n\n\n<p class=\"has-text-align-center\">Notre site est actuellement en pleine transformation&#8230;<br>Un peu comme un croissant dans le four : il gonfle doucement, mais il sera d\u00e9licieux une fois pr\u00eat ! \ud83e\udd50<\/p>\n\n\n\n<p class=\"has-text-align-center\">Revenez bient\u00f4t pour d\u00e9couvrir le r\u00e9sultat (spoiler : \u00e7a va \u00eatre bien).<br>En attendant, prenez un caf\u00e9, respirez un bon coup\u2026 ou allez voir des vid\u00e9os de chats, c\u2019est toujours une bonne id\u00e9e. \ud83d\udc31<\/p>\n\n\n\n<p class=\"has-text-align-center\">Merci pour votre patience et \u00e0 tr\u00e8s vite !<\/p>\n","protected":false},"excerpt":{"rendered":"<p>\ud83d\udea7 Patience, on bricole encore ! \ud83d\udee0\ufe0f Notre site est actuellement en pleine transformation&#8230;Un peu comme un croissant dans le four : il gonfle doucement, mais il sera d\u00e9licieux une fois pr\u00eat ! \ud83e\udd50 Revenez bient\u00f4t pour d\u00e9couvrir le r\u00e9sultat (spoiler : \u00e7a va \u00eatre bien).En attendant, prenez un caf\u00e9, respirez un bon coup\u2026 ou&#8230;<\/p>\n","protected":false},"author":1,"featured_media":0,"parent":0,"menu_order":0,"comment_status":"closed","ping_status":"closed","template":"","meta":{"_kadence_starter_templates_imported_post":false,"_kad_post_transparent":"disable","_kad_post_title":"default","_kad_post_layout":"","_kad_post_sidebar_id":"","_kad_post_content_style":"unboxed","_kad_post_vertical_padding":"default","_kad_post_feature":"","_kad_post_feature_position":"","_kad_post_header":true,"_kad_post_footer":true,"_kad_post_classname":"","footnotes":""},"class_list":["post-15","page","type-page","status-publish","hentry"],"_links":{"self":[{"href":"https:\/\/marco.lu\/index.php?rest_route=\/wp\/v2\/pages\/15","targetHints":{"allow":["GET"]}}],"collection":[{"href":"https:\/\/marco.lu\/index.php?rest_route=\/wp\/v2\/pages"}],"about":[{"href":"https:\/\/marco.lu\/index.php?rest_route=\/wp\/v2\/types\/page"}],"author":[{"embeddable":true,"href":"https:\/\/marco.lu\/index.php?rest_route=\/wp\/v2\/users\/1"}],"replies":[{"embeddable":true,"href":"https:\/\/marco.lu\/index.php?rest_route=%2Fwp%2Fv2%2Fcomments&post=15"}],"version-history":[{"count":2,"href":"https:\/\/marco.lu\/index.php?rest_route=\/wp\/v2\/pages\/15\/revisions"}],"predecessor-version":[{"id":17,"href":"https:\/\/marco.lu\/index.php?rest_route=\/wp\/v2\/pages\/15\/revisions\/17"}],"wp:attachment":[{"href":"https:\/\/marco.lu\/index.php?rest_route=%2Fwp%2Fv2%2Fmedia&parent=15"}],"curies":[{"name":"wp","href":"https:\/\/api.w.org\/{rel}","templated":true}]}}